{"id":12,"date":"2026-01-15T14:15:37","date_gmt":"2026-01-15T14:15:37","guid":{"rendered":"https:\/\/alimentacionfugozokiak.rkinformatika.online\/?page_id=12"},"modified":"2026-02-03T12:30:05","modified_gmt":"2026-02-03T12:30:05","slug":"productos","status":"publish","type":"page","link":"https:\/\/alimentacionfugozokiak.com\/eu\/productos\/","title":{"rendered":"Produktuak"},"content":{"rendered":"<div data-elementor-type=\"wp-page\" data-elementor-id=\"12\" class=\"elementor elementor-12\" data-elementor-post-type=\"page\">\n\t\t\t\t<div class=\"elementor-element elementor-element-bcfb5a3 e-flex e-con-boxed e-con e-parent\" data-id=\"bcfb5a3\" data-element_type=\"container\" data-e-type=\"container\" data-settings=\"{&quot;background_background&quot;:&quot;classic&quot;}\">\n\t\t\t\t\t<div class=\"e-con-inner\">\n\t\t\t\t<div class=\"elementor-element elementor-element-dcc39c2 elementor-invisible elementor-widget elementor-widget-heading\" data-id=\"dcc39c2\" data-element_type=\"widget\" data-e-type=\"widget\" data-settings=\"{&quot;_animation&quot;:&quot;fadeInLeft&quot;}\" data-widget_type=\"heading.default\">\n\t\t\t\t\t<h2 class=\"elementor-heading-title elementor-size-default\">Tu tienda de confianza<\/h2>\t\t\t\t<\/div>\n\t\t\t\t\t<\/div>\n\t\t\t\t<\/div>\n\t\t<div class=\"elementor-element elementor-element-215d661 e-flex e-con-boxed e-con e-parent\" data-id=\"215d661\" data-element_type=\"container\" data-e-type=\"container\">\n\t\t\t\t\t<div class=\"e-con-inner\">\n\t\t<div class=\"elementor-element elementor-element-ec0d312 e-con-full e-flex e-con e-child\" data-id=\"ec0d312\" data-element_type=\"container\" data-e-type=\"container\" data-settings=\"{&quot;background_background&quot;:&quot;classic&quot;}\">\n\t\t\t\t<div class=\"elementor-element elementor-element-7680177 elementor-widget elementor-widget-heading\" data-id=\"7680177\" data-element_type=\"widget\" data-e-type=\"widget\" data-widget_type=\"heading.default\">\n\t\t\t\t\t<h2 class=\"elementor-heading-title elementor-size-default\">Alimentos dulces<\/h2>\t\t\t\t<\/div>\n\t\t\t\t<div class=\"elementor-element elementor-element-61eed3f elementor-widget elementor-widget-text-editor\" data-id=\"61eed3f\" data-element_type=\"widget\" data-e-type=\"widget\" data-widget_type=\"text-editor.default\">\n\t\t\t\t\t\t\t\t\t<ul><li data-start=\"846\" data-end=\"883\"><p data-start=\"848\" data-end=\"883\">Chuches y golosinas de todo tipo.<\/p><\/li><li data-start=\"884\" data-end=\"915\"><p data-start=\"886\" data-end=\"915\">Boller\u00edas frescas y snacks.<\/p><\/li><li data-start=\"916\" data-end=\"952\"><p data-start=\"918\" data-end=\"952\">Dulces tradicionales y modernos.<\/p><\/li><\/ul>\t\t\t\t\t\t\t\t<\/div>\n\t\t\t\t<\/div>\n\t\t<div class=\"elementor-element elementor-element-63bb00e e-con-full e-flex e-con e-child\" data-id=\"63bb00e\" data-element_type=\"container\" data-e-type=\"container\" data-settings=\"{&quot;background_background&quot;:&quot;classic&quot;}\">\n\t\t\t\t<div class=\"elementor-element elementor-element-2de38e5 elementor-widget elementor-widget-heading\" data-id=\"2de38e5\" data-element_type=\"widget\" data-e-type=\"widget\" data-widget_type=\"heading.default\">\n\t\t\t\t\t<h2 class=\"elementor-heading-title elementor-size-default\">Productos para cocinar<\/h2>\t\t\t\t<\/div>\n\t\t\t\t<div class=\"elementor-element elementor-element-84d1ef9 elementor-widget elementor-widget-text-editor\" data-id=\"84d1ef9\" data-element_type=\"widget\" data-e-type=\"widget\" data-widget_type=\"text-editor.default\">\n\t\t\t\t\t\t\t\t\t<ul><li data-start=\"985\" data-end=\"1036\"><p data-start=\"987\" data-end=\"1036\">Preparados para calentar o cocinar r\u00e1pidamente.<\/p><\/li><li data-start=\"1037\" data-end=\"1087\"><p data-start=\"1039\" data-end=\"1087\">Ingredientes b\u00e1sicos para tus recetas diarias.<\/p><\/li><li data-start=\"1088\" data-end=\"1137\"><p data-start=\"1090\" data-end=\"1137\">Productos seleccionados para calidad y sabor.<\/p><\/li><\/ul>\t\t\t\t\t\t\t\t<\/div>\n\t\t\t\t<\/div>\n\t\t<div class=\"elementor-element elementor-element-982a8e6 e-con-full e-flex e-con e-child\" data-id=\"982a8e6\" data-element_type=\"container\" data-e-type=\"container\" data-settings=\"{&quot;background_background&quot;:&quot;classic&quot;}\">\n\t\t\t\t<div class=\"elementor-element elementor-element-350ae85 elementor-widget elementor-widget-heading\" data-id=\"350ae85\" data-element_type=\"widget\" data-e-type=\"widget\" data-widget_type=\"heading.default\">\n\t\t\t\t\t<h2 class=\"elementor-heading-title elementor-size-default\">Alimentaci\u00f3n b\u00e1sica<\/h2>\t\t\t\t<\/div>\n\t\t\t\t<div class=\"elementor-element elementor-element-98c6fa6 elementor-widget elementor-widget-text-editor\" data-id=\"98c6fa6\" data-element_type=\"widget\" data-e-type=\"widget\" data-widget_type=\"text-editor.default\">\n\t\t\t\t\t\t\t\t\t<ul><li data-start=\"1167\" data-end=\"1234\"><p data-start=\"1169\" data-end=\"1234\">Pan, leche, bebidas y otros productos esenciales del d\u00eda a d\u00eda.<\/p><\/li><li data-start=\"1235\" data-end=\"1292\"><p data-start=\"1237\" data-end=\"1292\">Todo lo necesario para que tu despensa est\u00e9 completa.<\/p><\/li><\/ul>\t\t\t\t\t\t\t\t<\/div>\n\t\t\t\t<\/div>\n\t\t\t\t\t<\/div>\n\t\t\t\t<\/div>\n\t\t<div class=\"elementor-element elementor-element-c4efc98 e-flex e-con-boxed e-con e-parent\" data-id=\"c4efc98\" data-element_type=\"container\" data-e-type=\"container\" data-settings=\"{&quot;background_background&quot;:&quot;classic&quot;}\">\n\t\t\t\t\t<div class=\"e-con-inner\">\n\t\t\t\t<div class=\"elementor-element elementor-element-482b8f9 elementor-widget elementor-widget-heading\" data-id=\"482b8f9\" data-element_type=\"widget\" data-e-type=\"widget\" data-widget_type=\"heading.default\">\n\t\t\t\t\t<h2 class=\"elementor-heading-title elementor-size-default\">Txutxu-mutxuak, gozokiak eta prestatzeko prest dauden produktuak<\/h2>\t\t\t\t<\/div>\n\t\t\t\t<div class=\"elementor-element elementor-element-22da155 elementor-widget elementor-widget-text-editor\" data-id=\"22da155\" data-element_type=\"widget\" data-e-type=\"widget\" data-widget_type=\"text-editor.default\">\n\t\t\t\t\t\t\t\t\t<p>Egunero gozatzeko behar duzun guztia<\/p>\t\t\t\t\t\t\t\t<\/div>\n\t\t\t\t<div class=\"elementor-element elementor-element-4226ce5 elementor-align-center elementor-widget elementor-widget-button\" data-id=\"4226ce5\" data-element_type=\"widget\" data-e-type=\"widget\" data-widget_type=\"button.default\">\n\t\t\t\t\t\t\t\t\t\t<a class=\"elementor-button elementor-button-link elementor-size-sm\" href=\"https:\/\/alimentacionfugozokiak.com\/eu\/contacto\/\">\n\t\t\t\t\t\t<span class=\"elementor-button-content-wrapper\">\n\t\t\t\t\t\t\t\t\t<span class=\"elementor-button-text\">Kontaktua<\/span>\n\t\t\t\t\t<\/span>\n\t\t\t\t\t<\/a>\n\t\t\t\t\t\t\t\t<\/div>\n\t\t\t\t\t<\/div>\n\t\t\t\t<\/div>\n\t\t\t\t<\/div>","protected":false},"excerpt":{"rendered":"<p>Tu tienda de confianza Alimentos dulces Chuches y golosinas de todo tipo. Boller\u00edas frescas y snacks. Dulces tradicionales y modernos. Productos para cocinar Preparados para calentar o cocinar r\u00e1pidamente. Ingredientes b\u00e1sicos para tus recetas diarias. Productos seleccionados para calidad y sabor. Alimentaci\u00f3n b\u00e1sica Pan, leche, bebidas y otros productos esenciales del d\u00eda a d\u00eda. Todo [&hellip;]<\/p>\n","protected":false},"author":1,"featured_media":0,"parent":0,"menu_order":0,"comment_status":"closed","ping_status":"closed","template":"elementor_canvas","meta":{"footnotes":""},"class_list":["post-12","page","type-page","status-publish","hentry"],"yoast_head":"<!-- This site is optimized with the Yoast SEO plugin v27.3 - https:\/\/yoast.com\/product\/yoast-seo-wordpress\/ -->\n<title>Productos - Alimentacion Fu<\/title>\n<meta name=\"robots\" content=\"index, follow, max-snippet:-1, max-image-preview:large, max-video-preview:-1\" \/>\n<link rel=\"canonical\" href=\"https:\/\/alimentacionfugozokiak.com\/eu\/productos\/\" \/>\n<meta property=\"og:locale\" content=\"en_US\" \/>\n<meta property=\"og:type\" content=\"article\" \/>\n<meta property=\"og:title\" content=\"Productos - Alimentacion Fu\" \/>\n<meta property=\"og:description\" content=\"Tu tienda de confianza Alimentos dulces Chuches y golosinas de todo tipo. Boller\u00edas frescas y snacks. Dulces tradicionales y modernos. Productos para cocinar Preparados para calentar o cocinar r\u00e1pidamente. Ingredientes b\u00e1sicos para tus recetas diarias. Productos seleccionados para calidad y sabor. Alimentaci\u00f3n b\u00e1sica Pan, leche, bebidas y otros productos esenciales del d\u00eda a d\u00eda. Todo [&hellip;]\" \/>\n<meta property=\"og:url\" content=\"https:\/\/alimentacionfugozokiak.com\/eu\/productos\/\" \/>\n<meta property=\"og:site_name\" content=\"Alimentacion Fu\" \/>\n<meta property=\"article:modified_time\" content=\"2026-02-03T12:30:05+00:00\" \/>\n<meta name=\"twitter:card\" content=\"summary_large_image\" \/>\n<meta name=\"twitter:label1\" content=\"Est. reading time\" \/>\n\t<meta name=\"twitter:data1\" content=\"1 minutua\" \/>\n<script type=\"application\/ld+json\" class=\"yoast-schema-graph\">{\"@context\":\"https:\\\/\\\/schema.org\",\"@graph\":[{\"@type\":\"WebPage\",\"@id\":\"https:\\\/\\\/alimentacionfugozokiak.com\\\/productos\\\/\",\"url\":\"https:\\\/\\\/alimentacionfugozokiak.com\\\/productos\\\/\",\"name\":\"Productos - Alimentacion Fu\",\"isPartOf\":{\"@id\":\"https:\\\/\\\/alimentacionfugozokiak.com\\\/#website\"},\"datePublished\":\"2026-01-15T14:15:37+00:00\",\"dateModified\":\"2026-02-03T12:30:05+00:00\",\"breadcrumb\":{\"@id\":\"https:\\\/\\\/alimentacionfugozokiak.com\\\/productos\\\/#breadcrumb\"},\"inLanguage\":\"eu\",\"potentialAction\":[{\"@type\":\"ReadAction\",\"target\":[\"https:\\\/\\\/alimentacionfugozokiak.com\\\/productos\\\/\"]}]},{\"@type\":\"BreadcrumbList\",\"@id\":\"https:\\\/\\\/alimentacionfugozokiak.com\\\/productos\\\/#breadcrumb\",\"itemListElement\":[{\"@type\":\"ListItem\",\"position\":1,\"name\":\"Portada\",\"item\":\"https:\\\/\\\/alimentacionfugozokiak.com\\\/\"},{\"@type\":\"ListItem\",\"position\":2,\"name\":\"Productos\"}]},{\"@type\":\"WebSite\",\"@id\":\"https:\\\/\\\/alimentacionfugozokiak.com\\\/#website\",\"url\":\"https:\\\/\\\/alimentacionfugozokiak.com\\\/\",\"name\":\"Alimentacion Fu\",\"description\":\"Productos de Alimentaci\u00f3n\",\"publisher\":{\"@id\":\"https:\\\/\\\/alimentacionfugozokiak.com\\\/#organization\"},\"potentialAction\":[{\"@type\":\"SearchAction\",\"target\":{\"@type\":\"EntryPoint\",\"urlTemplate\":\"https:\\\/\\\/alimentacionfugozokiak.com\\\/?s={search_term_string}\"},\"query-input\":{\"@type\":\"PropertyValueSpecification\",\"valueRequired\":true,\"valueName\":\"search_term_string\"}}],\"inLanguage\":\"eu\"},{\"@type\":\"Organization\",\"@id\":\"https:\\\/\\\/alimentacionfugozokiak.com\\\/#organization\",\"name\":\"Alimentacion Fu\",\"url\":\"https:\\\/\\\/alimentacionfugozokiak.com\\\/\",\"logo\":{\"@type\":\"ImageObject\",\"inLanguage\":\"eu\",\"@id\":\"https:\\\/\\\/alimentacionfugozokiak.com\\\/#\\\/schema\\\/logo\\\/image\\\/\",\"url\":\"https:\\\/\\\/alimentacionfugozokiak.com\\\/wp-content\\\/uploads\\\/2026\\\/02\\\/cropped-Diseno-sin-titulo.png\",\"contentUrl\":\"https:\\\/\\\/alimentacionfugozokiak.com\\\/wp-content\\\/uploads\\\/2026\\\/02\\\/cropped-Diseno-sin-titulo.png\",\"width\":1584,\"height\":1113,\"caption\":\"Alimentacion Fu\"},\"image\":{\"@id\":\"https:\\\/\\\/alimentacionfugozokiak.com\\\/#\\\/schema\\\/logo\\\/image\\\/\"}}]}<\/script>\n<!-- \/ Yoast SEO plugin. -->","yoast_head_json":{"title":"Productos - Alimentacion Fu","robots":{"index":"index","follow":"follow","max-snippet":"max-snippet:-1","max-image-preview":"max-image-preview:large","max-video-preview":"max-video-preview:-1"},"canonical":"https:\/\/alimentacionfugozokiak.com\/eu\/productos\/","og_locale":"en_US","og_type":"article","og_title":"Productos - Alimentacion Fu","og_description":"Tu tienda de confianza Alimentos dulces Chuches y golosinas de todo tipo. Boller\u00edas frescas y snacks. Dulces tradicionales y modernos. Productos para cocinar Preparados para calentar o cocinar r\u00e1pidamente. Ingredientes b\u00e1sicos para tus recetas diarias. Productos seleccionados para calidad y sabor. Alimentaci\u00f3n b\u00e1sica Pan, leche, bebidas y otros productos esenciales del d\u00eda a d\u00eda. Todo [&hellip;]","og_url":"https:\/\/alimentacionfugozokiak.com\/eu\/productos\/","og_site_name":"Alimentacion Fu","article_modified_time":"2026-02-03T12:30:05+00:00","twitter_card":"summary_large_image","twitter_misc":{"Est. reading time":"1 minutua"},"schema":{"@context":"https:\/\/schema.org","@graph":[{"@type":"WebPage","@id":"https:\/\/alimentacionfugozokiak.com\/productos\/","url":"https:\/\/alimentacionfugozokiak.com\/productos\/","name":"Productos - Alimentacion Fu","isPartOf":{"@id":"https:\/\/alimentacionfugozokiak.com\/#website"},"datePublished":"2026-01-15T14:15:37+00:00","dateModified":"2026-02-03T12:30:05+00:00","breadcrumb":{"@id":"https:\/\/alimentacionfugozokiak.com\/productos\/#breadcrumb"},"inLanguage":"eu","potentialAction":[{"@type":"ReadAction","target":["https:\/\/alimentacionfugozokiak.com\/productos\/"]}]},{"@type":"BreadcrumbList","@id":"https:\/\/alimentacionfugozokiak.com\/productos\/#breadcrumb","itemListElement":[{"@type":"ListItem","position":1,"name":"Portada","item":"https:\/\/alimentacionfugozokiak.com\/"},{"@type":"ListItem","position":2,"name":"Productos"}]},{"@type":"WebSite","@id":"https:\/\/alimentacionfugozokiak.com\/#website","url":"https:\/\/alimentacionfugozokiak.com\/","name":"Alimentacion Fu","description":"Productos de Alimentaci\u00f3n","publisher":{"@id":"https:\/\/alimentacionfugozokiak.com\/#organization"},"potentialAction":[{"@type":"SearchAction","target":{"@type":"EntryPoint","urlTemplate":"https:\/\/alimentacionfugozokiak.com\/?s={search_term_string}"},"query-input":{"@type":"PropertyValueSpecification","valueRequired":true,"valueName":"search_term_string"}}],"inLanguage":"eu"},{"@type":"Organization","@id":"https:\/\/alimentacionfugozokiak.com\/#organization","name":"Alimentacion Fu","url":"https:\/\/alimentacionfugozokiak.com\/","logo":{"@type":"ImageObject","inLanguage":"eu","@id":"https:\/\/alimentacionfugozokiak.com\/#\/schema\/logo\/image\/","url":"https:\/\/alimentacionfugozokiak.com\/wp-content\/uploads\/2026\/02\/cropped-Diseno-sin-titulo.png","contentUrl":"https:\/\/alimentacionfugozokiak.com\/wp-content\/uploads\/2026\/02\/cropped-Diseno-sin-titulo.png","width":1584,"height":1113,"caption":"Alimentacion Fu"},"image":{"@id":"https:\/\/alimentacionfugozokiak.com\/#\/schema\/logo\/image\/"}}]}},"_links":{"self":[{"href":"https:\/\/alimentacionfugozokiak.com\/eu\/wp-json\/wp\/v2\/pages\/12","targetHints":{"allow":["GET"]}}],"collection":[{"href":"https:\/\/alimentacionfugozokiak.com\/eu\/wp-json\/wp\/v2\/pages"}],"about":[{"href":"https:\/\/alimentacionfugozokiak.com\/eu\/wp-json\/wp\/v2\/types\/page"}],"author":[{"embeddable":true,"href":"https:\/\/alimentacionfugozokiak.com\/eu\/wp-json\/wp\/v2\/users\/1"}],"replies":[{"embeddable":true,"href":"https:\/\/alimentacionfugozokiak.com\/eu\/wp-json\/wp\/v2\/comments?post=12"}],"version-history":[{"count":23,"href":"https:\/\/alimentacionfugozokiak.com\/eu\/wp-json\/wp\/v2\/pages\/12\/revisions"}],"predecessor-version":[{"id":195,"href":"https:\/\/alimentacionfugozokiak.com\/eu\/wp-json\/wp\/v2\/pages\/12\/revisions\/195"}],"wp:attachment":[{"href":"https:\/\/alimentacionfugozokiak.com\/eu\/wp-json\/wp\/v2\/media?parent=12"}],"curies":[{"name":"wp","href":"https:\/\/api.w.org\/{rel}","templated":true}]}}