{"id":9,"date":"2026-01-15T14:13:53","date_gmt":"2026-01-15T14:13:53","guid":{"rendered":"https:\/\/alimentacionfugozokiak.rkinformatika.online\/?page_id=9"},"modified":"2026-02-03T12:23:52","modified_gmt":"2026-02-03T12:23:52","slug":"inicio","status":"publish","type":"page","link":"https:\/\/alimentacionfugozokiak.com\/eu\/","title":{"rendered":"Hasiera"},"content":{"rendered":"<div data-elementor-type=\"wp-page\" data-elementor-id=\"9\" class=\"elementor elementor-9\" data-elementor-post-type=\"page\">\n\t\t\t\t<div class=\"elementor-element elementor-element-b4433f1 e-flex e-con-boxed e-con e-parent\" data-id=\"b4433f1\" data-element_type=\"container\" data-e-type=\"container\" data-settings=\"{&quot;background_background&quot;:&quot;classic&quot;}\">\n\t\t\t\t\t<div class=\"e-con-inner\">\n\t\t\t\t<div class=\"elementor-element elementor-element-17bd6eb elementor-invisible elementor-widget elementor-widget-heading\" data-id=\"17bd6eb\" data-element_type=\"widget\" data-e-type=\"widget\" data-settings=\"{&quot;_animation&quot;:&quot;fadeInLeft&quot;}\" data-widget_type=\"heading.default\">\n\t\t\t\t\t<h2 class=\"elementor-heading-title elementor-size-default\">Zaporea, kalitatea eta hurbiltasuna Sestaon, Bizkaian<\/h2>\t\t\t\t<\/div>\n\t\t\t\t\t<\/div>\n\t\t\t\t<\/div>\n\t\t<div class=\"elementor-element elementor-element-1c51e3d e-flex e-con-boxed e-con e-parent\" data-id=\"1c51e3d\" data-element_type=\"container\" data-e-type=\"container\" data-settings=\"{&quot;background_background&quot;:&quot;classic&quot;}\">\n\t\t\t\t\t<div class=\"e-con-inner\">\n\t\t<div class=\"elementor-element elementor-element-c386fd2 e-con-full e-flex e-con e-child\" data-id=\"c386fd2\" data-element_type=\"container\" data-e-type=\"container\">\n\t\t\t\t<div class=\"elementor-element elementor-element-3c3359c elementor-widget elementor-widget-heading\" data-id=\"3c3359c\" data-element_type=\"widget\" data-e-type=\"widget\" data-widget_type=\"heading.default\">\n\t\t\t\t\t<h2 class=\"elementor-heading-title elementor-size-default\">Guri Buruz<\/h2>\t\t\t\t<\/div>\n\t\t\t\t<div class=\"elementor-element elementor-element-564d555 elementor-widget elementor-widget-text-editor\" data-id=\"564d555\" data-element_type=\"widget\" data-e-type=\"widget\" data-widget_type=\"text-editor.default\">\n\t\t\t\t\t\t\t\t\t<div class=\"Qr7Oae\" role=\"listitem\"><div class=\"OxAavc NVbRL\" data-required=\"true\" data-item-id=\"1218297843\"><div class=\"Ih4Dzb\"><div class=\"q4tvle JqSWld yqQS1\" tabindex=\"0\" role=\"textbox\" aria-label=\"Resumen de la historia de la empresa (tal y como va a aparecer en el sitio web).&lt;br&gt;Puedes hacer una breve descripci&oacute;n de tu empresa, de su historia e informaci&oacute;n que quieras compartir para presentarla.\" aria-disabled=\"true\"><p data-start=\"264\" data-end=\"583\">Zure konfiantzazko denda Sestaon, Bizkaia.<br data-start=\"344\" data-end=\"347\" \/>Urteak daramatzagu kalitatezko produktuak eskaintzen eta gure bezeroei gertuko tratua ematen. Gure lokalean zure egunerokorako behar duzun guztia aurkituko duzu: litxarreriak, opilak, gozokiak eta etxean kozinatzeko edo berotzeko produktuak.<\/p><p data-start=\"585\" data-end=\"734\">Gure pasioa da elikadura erraza, goxoa eta eskuragarria izatea, produktu klasikoak eta gozatzeko prest dauden aukerak konbinatuz.<\/p><\/div><\/div><\/div><\/div>\t\t\t\t\t\t\t\t<\/div>\n\t\t\t\t<\/div>\n\t\t<div class=\"elementor-element elementor-element-76c79a3 e-con-full e-flex e-con e-child\" data-id=\"76c79a3\" data-element_type=\"container\" data-e-type=\"container\">\n\t\t\t\t<div class=\"elementor-element elementor-element-a0910d0 elementor-widget elementor-widget-image\" data-id=\"a0910d0\" data-element_type=\"widget\" data-e-type=\"widget\" data-widget_type=\"image.default\">\n\t\t\t\t\t\t\t\t\t\t\t\t\t\t\t<img fetchpriority=\"high\" decoding=\"async\" width=\"1500\" height=\"998\" src=\"https:\/\/alimentacionfugozokiak.com\/wp-content\/uploads\/2026\/02\/2149148506.jpg\" class=\"attachment-full size-full wp-image-149\" alt=\"\" srcset=\"https:\/\/alimentacionfugozokiak.com\/wp-content\/uploads\/2026\/02\/2149148506.jpg 1500w, https:\/\/alimentacionfugozokiak.com\/wp-content\/uploads\/2026\/02\/2149148506-300x200.jpg 300w, https:\/\/alimentacionfugozokiak.com\/wp-content\/uploads\/2026\/02\/2149148506-1024x681.jpg 1024w, https:\/\/alimentacionfugozokiak.com\/wp-content\/uploads\/2026\/02\/2149148506-768x511.jpg 768w, https:\/\/alimentacionfugozokiak.com\/wp-content\/uploads\/2026\/02\/2149148506-18x12.jpg 18w\" sizes=\"(max-width: 1500px) 100vw, 1500px\" \/>\t\t\t\t\t\t\t\t\t\t\t\t\t\t\t<\/div>\n\t\t\t\t<\/div>\n\t\t\t\t\t<\/div>\n\t\t\t\t<\/div>\n\t\t<div class=\"elementor-element elementor-element-06e7943 e-flex e-con-boxed e-con e-parent\" data-id=\"06e7943\" data-element_type=\"container\" data-e-type=\"container\" data-settings=\"{&quot;background_background&quot;:&quot;classic&quot;}\">\n\t\t\t\t\t<div class=\"e-con-inner\">\n\t\t\t\t<div class=\"elementor-element elementor-element-f3186d7 elementor-widget elementor-widget-heading\" data-id=\"f3186d7\" data-element_type=\"widget\" data-e-type=\"widget\" data-widget_type=\"heading.default\">\n\t\t\t\t\t<h2 class=\"elementor-heading-title elementor-size-default\">Txutxu-mutxuak, gozokiak eta prestatzeko prest dauden produktuak<\/h2>\t\t\t\t<\/div>\n\t\t\t\t<div class=\"elementor-element elementor-element-101d57c elementor-widget elementor-widget-text-editor\" data-id=\"101d57c\" data-element_type=\"widget\" data-e-type=\"widget\" data-widget_type=\"text-editor.default\">\n\t\t\t\t\t\t\t\t\t<p>Egunero gozatzeko behar duzun guztia<\/p>\t\t\t\t\t\t\t\t<\/div>\n\t\t\t\t<div class=\"elementor-element elementor-element-e75c040 elementor-align-center elementor-widget elementor-widget-button\" data-id=\"e75c040\" data-element_type=\"widget\" data-e-type=\"widget\" data-widget_type=\"button.default\">\n\t\t\t\t\t\t\t\t\t\t<a class=\"elementor-button elementor-button-link elementor-size-sm\" href=\"https:\/\/alimentacionfugozokiak.com\/eu\/productos\/\">\n\t\t\t\t\t\t<span class=\"elementor-button-content-wrapper\">\n\t\t\t\t\t\t\t\t\t<span class=\"elementor-button-text\">Produktuak<\/span>\n\t\t\t\t\t<\/span>\n\t\t\t\t\t<\/a>\n\t\t\t\t\t\t\t\t<\/div>\n\t\t\t\t\t<\/div>\n\t\t\t\t<\/div>\n\t\t\t\t<\/div>","protected":false},"excerpt":{"rendered":"<p>Sabor, calidad y cercan\u00eda en Sestao, Bizkaia Sobre Nosotros Tu tienda de confianza en Sestao, Bizkaia.Llevamos a\u00f1os ofreciendo productos de calidad y un trato cercano para nuestros clientes. En nuestro local encontrar\u00e1s todo lo que necesitas para tu d\u00eda a d\u00eda: chuches, boller\u00edas, dulces y productos para cocinar o calentar en casa. Nuestra pasi\u00f3n es [&hellip;]<\/p>\n","protected":false},"author":1,"featured_media":0,"parent":0,"menu_order":0,"comment_status":"closed","ping_status":"closed","template":"elementor_canvas","meta":{"footnotes":""},"class_list":["post-9","page","type-page","status-publish","hentry"],"yoast_head":"<!-- This site is optimized with the Yoast SEO plugin v27.3 - https:\/\/yoast.com\/product\/yoast-seo-wordpress\/ -->\n<title>Inicio - Alimentacion Fu<\/title>\n<meta name=\"robots\" content=\"index, follow, max-snippet:-1, max-image-preview:large, max-video-preview:-1\" \/>\n<link rel=\"canonical\" href=\"https:\/\/alimentacionfugozokiak.com\/eu\/\" \/>\n<meta property=\"og:locale\" content=\"en_US\" \/>\n<meta property=\"og:type\" content=\"article\" \/>\n<meta property=\"og:title\" content=\"Inicio - Alimentacion Fu\" \/>\n<meta property=\"og:description\" content=\"Sabor, calidad y cercan\u00eda en Sestao, Bizkaia Sobre Nosotros Tu tienda de confianza en Sestao, Bizkaia.Llevamos a\u00f1os ofreciendo productos de calidad y un trato cercano para nuestros clientes. En nuestro local encontrar\u00e1s todo lo que necesitas para tu d\u00eda a d\u00eda: chuches, boller\u00edas, dulces y productos para cocinar o calentar en casa. Nuestra pasi\u00f3n es [&hellip;]\" \/>\n<meta property=\"og:url\" content=\"https:\/\/alimentacionfugozokiak.com\/eu\/\" \/>\n<meta property=\"og:site_name\" content=\"Alimentacion Fu\" \/>\n<meta property=\"article:modified_time\" content=\"2026-02-03T12:23:52+00:00\" \/>\n<meta property=\"og:image\" content=\"https:\/\/alimentacionfugozokiak.com\/wp-content\/uploads\/2026\/02\/2149148506.jpg\" \/>\n<meta name=\"twitter:card\" content=\"summary_large_image\" \/>\n<meta name=\"twitter:label1\" content=\"Est. reading time\" \/>\n\t<meta name=\"twitter:data1\" content=\"1 minutua\" \/>\n<script type=\"application\/ld+json\" class=\"yoast-schema-graph\">{\"@context\":\"https:\\\/\\\/schema.org\",\"@graph\":[{\"@type\":\"WebPage\",\"@id\":\"https:\\\/\\\/alimentacionfugozokiak.com\\\/\",\"url\":\"https:\\\/\\\/alimentacionfugozokiak.com\\\/\",\"name\":\"Inicio - Alimentacion Fu\",\"isPartOf\":{\"@id\":\"https:\\\/\\\/alimentacionfugozokiak.com\\\/#website\"},\"primaryImageOfPage\":{\"@id\":\"https:\\\/\\\/alimentacionfugozokiak.com\\\/#primaryimage\"},\"image\":{\"@id\":\"https:\\\/\\\/alimentacionfugozokiak.com\\\/#primaryimage\"},\"thumbnailUrl\":\"https:\\\/\\\/alimentacionfugozokiak.com\\\/wp-content\\\/uploads\\\/2026\\\/02\\\/2149148506.jpg\",\"datePublished\":\"2026-01-15T14:13:53+00:00\",\"dateModified\":\"2026-02-03T12:23:52+00:00\",\"breadcrumb\":{\"@id\":\"https:\\\/\\\/alimentacionfugozokiak.com\\\/#breadcrumb\"},\"inLanguage\":\"eu\",\"potentialAction\":[{\"@type\":\"ReadAction\",\"target\":[\"https:\\\/\\\/alimentacionfugozokiak.com\\\/\"]}]},{\"@type\":\"ImageObject\",\"inLanguage\":\"eu\",\"@id\":\"https:\\\/\\\/alimentacionfugozokiak.com\\\/#primaryimage\",\"url\":\"https:\\\/\\\/alimentacionfugozokiak.com\\\/wp-content\\\/uploads\\\/2026\\\/02\\\/2149148506.jpg\",\"contentUrl\":\"https:\\\/\\\/alimentacionfugozokiak.com\\\/wp-content\\\/uploads\\\/2026\\\/02\\\/2149148506.jpg\"},{\"@type\":\"BreadcrumbList\",\"@id\":\"https:\\\/\\\/alimentacionfugozokiak.com\\\/#breadcrumb\",\"itemListElement\":[{\"@type\":\"ListItem\",\"position\":1,\"name\":\"Portada\",\"item\":\"https:\\\/\\\/alimentacionfugozokiak.com\\\/\"},{\"@type\":\"ListItem\",\"position\":2,\"name\":\"Inicio\"}]},{\"@type\":\"WebSite\",\"@id\":\"https:\\\/\\\/alimentacionfugozokiak.com\\\/#website\",\"url\":\"https:\\\/\\\/alimentacionfugozokiak.com\\\/\",\"name\":\"Alimentacion Fu\",\"description\":\"Productos de Alimentaci\u00f3n\",\"publisher\":{\"@id\":\"https:\\\/\\\/alimentacionfugozokiak.com\\\/#organization\"},\"potentialAction\":[{\"@type\":\"SearchAction\",\"target\":{\"@type\":\"EntryPoint\",\"urlTemplate\":\"https:\\\/\\\/alimentacionfugozokiak.com\\\/?s={search_term_string}\"},\"query-input\":{\"@type\":\"PropertyValueSpecification\",\"valueRequired\":true,\"valueName\":\"search_term_string\"}}],\"inLanguage\":\"eu\"},{\"@type\":\"Organization\",\"@id\":\"https:\\\/\\\/alimentacionfugozokiak.com\\\/#organization\",\"name\":\"Alimentacion Fu\",\"url\":\"https:\\\/\\\/alimentacionfugozokiak.com\\\/\",\"logo\":{\"@type\":\"ImageObject\",\"inLanguage\":\"eu\",\"@id\":\"https:\\\/\\\/alimentacionfugozokiak.com\\\/#\\\/schema\\\/logo\\\/image\\\/\",\"url\":\"https:\\\/\\\/alimentacionfugozokiak.com\\\/wp-content\\\/uploads\\\/2026\\\/02\\\/cropped-Diseno-sin-titulo.png\",\"contentUrl\":\"https:\\\/\\\/alimentacionfugozokiak.com\\\/wp-content\\\/uploads\\\/2026\\\/02\\\/cropped-Diseno-sin-titulo.png\",\"width\":1584,\"height\":1113,\"caption\":\"Alimentacion Fu\"},\"image\":{\"@id\":\"https:\\\/\\\/alimentacionfugozokiak.com\\\/#\\\/schema\\\/logo\\\/image\\\/\"}}]}<\/script>\n<!-- \/ Yoast SEO plugin. -->","yoast_head_json":{"title":"Inicio - Alimentacion Fu","robots":{"index":"index","follow":"follow","max-snippet":"max-snippet:-1","max-image-preview":"max-image-preview:large","max-video-preview":"max-video-preview:-1"},"canonical":"https:\/\/alimentacionfugozokiak.com\/eu\/","og_locale":"en_US","og_type":"article","og_title":"Inicio - Alimentacion Fu","og_description":"Sabor, calidad y cercan\u00eda en Sestao, Bizkaia Sobre Nosotros Tu tienda de confianza en Sestao, Bizkaia.Llevamos a\u00f1os ofreciendo productos de calidad y un trato cercano para nuestros clientes. En nuestro local encontrar\u00e1s todo lo que necesitas para tu d\u00eda a d\u00eda: chuches, boller\u00edas, dulces y productos para cocinar o calentar en casa. Nuestra pasi\u00f3n es [&hellip;]","og_url":"https:\/\/alimentacionfugozokiak.com\/eu\/","og_site_name":"Alimentacion Fu","article_modified_time":"2026-02-03T12:23:52+00:00","og_image":[{"url":"https:\/\/alimentacionfugozokiak.com\/wp-content\/uploads\/2026\/02\/2149148506.jpg","type":"","width":"","height":""}],"twitter_card":"summary_large_image","twitter_misc":{"Est. reading time":"1 minutua"},"schema":{"@context":"https:\/\/schema.org","@graph":[{"@type":"WebPage","@id":"https:\/\/alimentacionfugozokiak.com\/","url":"https:\/\/alimentacionfugozokiak.com\/","name":"Inicio - Alimentacion Fu","isPartOf":{"@id":"https:\/\/alimentacionfugozokiak.com\/#website"},"primaryImageOfPage":{"@id":"https:\/\/alimentacionfugozokiak.com\/#primaryimage"},"image":{"@id":"https:\/\/alimentacionfugozokiak.com\/#primaryimage"},"thumbnailUrl":"https:\/\/alimentacionfugozokiak.com\/wp-content\/uploads\/2026\/02\/2149148506.jpg","datePublished":"2026-01-15T14:13:53+00:00","dateModified":"2026-02-03T12:23:52+00:00","breadcrumb":{"@id":"https:\/\/alimentacionfugozokiak.com\/#breadcrumb"},"inLanguage":"eu","potentialAction":[{"@type":"ReadAction","target":["https:\/\/alimentacionfugozokiak.com\/"]}]},{"@type":"ImageObject","inLanguage":"eu","@id":"https:\/\/alimentacionfugozokiak.com\/#primaryimage","url":"https:\/\/alimentacionfugozokiak.com\/wp-content\/uploads\/2026\/02\/2149148506.jpg","contentUrl":"https:\/\/alimentacionfugozokiak.com\/wp-content\/uploads\/2026\/02\/2149148506.jpg"},{"@type":"BreadcrumbList","@id":"https:\/\/alimentacionfugozokiak.com\/#breadcrumb","itemListElement":[{"@type":"ListItem","position":1,"name":"Portada","item":"https:\/\/alimentacionfugozokiak.com\/"},{"@type":"ListItem","position":2,"name":"Inicio"}]},{"@type":"WebSite","@id":"https:\/\/alimentacionfugozokiak.com\/#website","url":"https:\/\/alimentacionfugozokiak.com\/","name":"Alimentacion Fu","description":"Productos de Alimentaci\u00f3n","publisher":{"@id":"https:\/\/alimentacionfugozokiak.com\/#organization"},"potentialAction":[{"@type":"SearchAction","target":{"@type":"EntryPoint","urlTemplate":"https:\/\/alimentacionfugozokiak.com\/?s={search_term_string}"},"query-input":{"@type":"PropertyValueSpecification","valueRequired":true,"valueName":"search_term_string"}}],"inLanguage":"eu"},{"@type":"Organization","@id":"https:\/\/alimentacionfugozokiak.com\/#organization","name":"Alimentacion Fu","url":"https:\/\/alimentacionfugozokiak.com\/","logo":{"@type":"ImageObject","inLanguage":"eu","@id":"https:\/\/alimentacionfugozokiak.com\/#\/schema\/logo\/image\/","url":"https:\/\/alimentacionfugozokiak.com\/wp-content\/uploads\/2026\/02\/cropped-Diseno-sin-titulo.png","contentUrl":"https:\/\/alimentacionfugozokiak.com\/wp-content\/uploads\/2026\/02\/cropped-Diseno-sin-titulo.png","width":1584,"height":1113,"caption":"Alimentacion Fu"},"image":{"@id":"https:\/\/alimentacionfugozokiak.com\/#\/schema\/logo\/image\/"}}]}},"_links":{"self":[{"href":"https:\/\/alimentacionfugozokiak.com\/eu\/wp-json\/wp\/v2\/pages\/9","targetHints":{"allow":["GET"]}}],"collection":[{"href":"https:\/\/alimentacionfugozokiak.com\/eu\/wp-json\/wp\/v2\/pages"}],"about":[{"href":"https:\/\/alimentacionfugozokiak.com\/eu\/wp-json\/wp\/v2\/types\/page"}],"author":[{"embeddable":true,"href":"https:\/\/alimentacionfugozokiak.com\/eu\/wp-json\/wp\/v2\/users\/1"}],"replies":[{"embeddable":true,"href":"https:\/\/alimentacionfugozokiak.com\/eu\/wp-json\/wp\/v2\/comments?post=9"}],"version-history":[{"count":37,"href":"https:\/\/alimentacionfugozokiak.com\/eu\/wp-json\/wp\/v2\/pages\/9\/revisions"}],"predecessor-version":[{"id":185,"href":"https:\/\/alimentacionfugozokiak.com\/eu\/wp-json\/wp\/v2\/pages\/9\/revisions\/185"}],"wp:attachment":[{"href":"https:\/\/alimentacionfugozokiak.com\/eu\/wp-json\/wp\/v2\/media?parent=9"}],"curies":[{"name":"wp","href":"https:\/\/api.w.org\/{rel}","templated":true}]}}